{"id":163,"date":"2025-10-16T10:09:36","date_gmt":"2025-10-16T15:09:36","guid":{"rendered":"https:\/\/antaresaduanas.com\/?page_id=163"},"modified":"2026-03-06T10:01:30","modified_gmt":"2026-03-06T15:01:30","slug":"contactanos","status":"publish","type":"page","link":"https:\/\/mail.antaresaduanas.pe\/en\/contactanos\/","title":{"rendered":"Cont\u00e1ctanos"},"content":{"rendered":"\t\t<div data-elementor-type=\"wp-page\" data-elementor-id=\"163\" class=\"elementor elementor-163\" data-elementor-post-type=\"page\">\n\t\t\t\t<div class=\"elementor-element elementor-element-2e3c66e grupo e-flex e-con-boxed e-con e-parent\" data-id=\"2e3c66e\" data-element_type=\"container\" data-e-type=\"container\" data-settings=\"{&quot;background_background&quot;:&quot;classic&quot;}\">\n\t\t\t\t\t<div class=\"e-con-inner\">\n\t\t<div class=\"elementor-element elementor-element-5c5177f e-con-full e-flex e-con e-child\" data-id=\"5c5177f\" data-element_type=\"container\" data-e-type=\"container\">\n\t\t\t\t<div class=\"elementor-element elementor-element-76a4040 elementor-invisible elementor-widget elementor-widget-heading\" data-id=\"76a4040\" data-element_type=\"widget\" data-e-type=\"widget\" data-settings=\"{&quot;_animation&quot;:&quot;slideInLeft&quot;,&quot;_animation_tablet&quot;:&quot;none&quot;}\" data-widget_type=\"heading.default\">\n\t\t\t\t\t<h1 class=\"elementor-heading-title elementor-size-default\">Contacta con un asesor especializado<\/h1>\t\t\t\t<\/div>\n\t\t\t\t<\/div>\n\t\t<div class=\"elementor-element elementor-element-1846ee6 e-con-full e-flex e-con e-child\" data-id=\"1846ee6\" data-element_type=\"container\" data-e-type=\"container\">\n\t\t\t\t<div class=\"elementor-element elementor-element-12ca62f elementor-invisible elementor-widget elementor-widget-text-editor\" data-id=\"12ca62f\" data-element_type=\"widget\" data-e-type=\"widget\" data-settings=\"{&quot;_animation&quot;:&quot;slideInRight&quot;,&quot;_animation_tablet&quot;:&quot;none&quot;}\" data-widget_type=\"text-editor.default\">\n\t\t\t\t\t\t\t\t\t<p><span style=\"font-weight: 400;\">Brindamos atenci\u00f3n personalizada para agilizar tus procesos y ofrecer soluciones aduaneras confiables.<\/span><\/p>\t\t\t\t\t\t\t\t<\/div>\n\t\t\t\t<\/div>\n\t\t\t\t\t<\/div>\n\t\t\t\t<\/div>\n\t\t<div class=\"elementor-element elementor-element-334b613 grupo e-flex e-con-boxed e-con e-parent\" data-id=\"334b613\" data-element_type=\"container\" data-e-type=\"container\" data-settings=\"{&quot;background_background&quot;:&quot;classic&quot;}\">\n\t\t\t\t\t<div class=\"e-con-inner\">\n\t\t<div class=\"elementor-element elementor-element-fb3888e e-con-full e-flex e-con e-child\" data-id=\"fb3888e\" data-element_type=\"container\" data-e-type=\"container\" id=\"formulario\">\n\t\t\t\t<div class=\"elementor-element elementor-element-4ff7d30 elementor-widget elementor-widget-heading\" data-id=\"4ff7d30\" data-element_type=\"widget\" data-e-type=\"widget\" data-widget_type=\"heading.default\">\n\t\t\t\t\t<h2 class=\"elementor-heading-title elementor-size-default\">Optimiza tu gesti\u00f3n log\u00edstica con el acompa\u00f1amiento de expertos<\/h2>\t\t\t\t<\/div>\n\t\t\t\t<div class=\"elementor-element elementor-element-d981ead elementor-widget elementor-widget-text-editor\" data-id=\"d981ead\" data-element_type=\"widget\" data-e-type=\"widget\" data-widget_type=\"text-editor.default\">\n\t\t\t\t\t\t\t\t\t<p><span style=\"font-weight: 400;\">Ingresa tus datos y detalles de operaci\u00f3n para recibir atenci\u00f3n inmediata de nuestros especialistas.<\/span><\/p>\t\t\t\t\t\t\t\t<\/div>\n\t\t\t\t<div class=\"elementor-element elementor-element-12b6961 elementor-button-align-stretch elementor-widget elementor-widget-form\" data-id=\"12b6961\" data-element_type=\"widget\" data-e-type=\"widget\" data-settings=\"{&quot;step_next_label&quot;:&quot;Siguiente&quot;,&quot;step_previous_label&quot;:&quot;Anterior&quot;,&quot;button_width&quot;:&quot;33&quot;,&quot;button_width_tablet&quot;:&quot;50&quot;,&quot;step_type&quot;:&quot;number_text&quot;,&quot;step_icon_shape&quot;:&quot;circle&quot;}\" data-widget_type=\"form.default\">\n\t\t\t\t\t\t\t<form class=\"elementor-form\" method=\"post\" name=\"Nuevo formulario\" aria-label=\"Nuevo formulario\">\n\t\t\t<input type=\"hidden\" name=\"post_id\" value=\"163\"\/>\n\t\t\t<input type=\"hidden\" name=\"form_id\" value=\"12b6961\"\/>\n\t\t\t<input type=\"hidden\" name=\"referer_title\" value=\"Cont\u00e1ctanos | GT Antares Aduanas\" \/>\n\n\t\t\t\t\t\t\t<input type=\"hidden\" name=\"queried_id\" value=\"163\"\/>\n\t\t\t\n\t\t\t<div class=\"elementor-form-fields-wrapper elementor-labels-above\">\n\t\t\t\t\t\t\t\t<div class=\"elementor-field-type-text elementor-field-group elementor-column elementor-field-group-nombre elementor-col-100 elementor-field-required\">\n\t\t\t\t\t\t\t\t\t\t\t\t<label for=\"form-field-nombre\" class=\"elementor-field-label\">\n\t\t\t\t\t\t\t\tNombre completo\t\t\t\t\t\t\t<\/label>\n\t\t\t\t\t\t\t\t\t\t\t\t\t\t<input size=\"1\" type=\"text\" name=\"form_fields[nombre]\" id=\"form-field-nombre\" class=\"elementor-field elementor-size-xs  elementor-field-textual\" required=\"required\">\n\t\t\t\t\t\t\t\t\t\t\t<\/div>\n\t\t\t\t\t\t\t\t<div class=\"elementor-field-type-text elementor-field-group elementor-column elementor-field-group-razon elementor-col-50 elementor-field-required\">\n\t\t\t\t\t\t\t\t\t\t\t\t<label for=\"form-field-razon\" class=\"elementor-field-label\">\n\t\t\t\t\t\t\t\tRaz\u00f3n social\t\t\t\t\t\t\t<\/label>\n\t\t\t\t\t\t\t\t\t\t\t\t\t\t<input size=\"1\" type=\"text\" name=\"form_fields[razon]\" id=\"form-field-razon\" class=\"elementor-field elementor-size-xs  elementor-field-textual\" required=\"required\">\n\t\t\t\t\t\t\t\t\t\t\t<\/div>\n\t\t\t\t\t\t\t\t<div class=\"elementor-field-type-number elementor-field-group elementor-column elementor-field-group-ruc elementor-col-50 elementor-field-required\">\n\t\t\t\t\t\t\t\t\t\t\t\t<label for=\"form-field-ruc\" class=\"elementor-field-label\">\n\t\t\t\t\t\t\t\tRUC\t\t\t\t\t\t\t<\/label>\n\t\t\t\t\t\t\t\t\t<input type=\"number\" name=\"form_fields[ruc]\" id=\"form-field-ruc\" class=\"elementor-field elementor-size-xs  elementor-field-textual\" required=\"required\" min=\"\" max=\"\" >\n\t\t\t\t\t\t<\/div>\n\t\t\t\t\t\t\t\t<div class=\"elementor-field-type-email elementor-field-group elementor-column elementor-field-group-email elementor-col-50 elementor-field-required\">\n\t\t\t\t\t\t\t\t\t\t\t\t<label for=\"form-field-email\" class=\"elementor-field-label\">\n\t\t\t\t\t\t\t\tCorreo electr\u00f3nico\t\t\t\t\t\t\t<\/label>\n\t\t\t\t\t\t\t\t\t\t\t\t\t\t<input size=\"1\" type=\"email\" name=\"form_fields[email]\" id=\"form-field-email\" class=\"elementor-field elementor-size-xs  elementor-field-textual\" required=\"required\">\n\t\t\t\t\t\t\t\t\t\t\t<\/div>\n\t\t\t\t\t\t\t\t<div class=\"elementor-field-type-tel elementor-field-group elementor-column elementor-field-group-telefono elementor-col-50 elementor-field-required\">\n\t\t\t\t\t\t\t\t\t\t\t\t<label for=\"form-field-telefono\" class=\"elementor-field-label\">\n\t\t\t\t\t\t\t\tCelular\t\t\t\t\t\t\t<\/label>\n\t\t\t\t\t\t\t\t<input size=\"1\" type=\"tel\" name=\"form_fields[telefono]\" id=\"form-field-telefono\" class=\"elementor-field elementor-size-xs  elementor-field-textual\" required=\"required\" pattern=\"[0-9()#&amp;+*-=.]+\" title=\"Solo se aceptan n\u00fameros y caracteres de tel\u00e9fono (#,-,*,etc).\">\n\n\t\t\t\t\t\t<\/div>\n\t\t\t\t\t\t\t\t<div class=\"elementor-field-type-checkbox elementor-field-group elementor-column elementor-field-group-servicio elementor-col-100 elementor-md-100\">\n\t\t\t\t\t\t\t\t\t\t\t\t<label for=\"form-field-servicio\" class=\"elementor-field-label\">\n\t\t\t\t\t\t\t\tServicio a cotizar (Puede elegir varios)\t\t\t\t\t\t\t<\/label>\n\t\t\t\t\t\t<div class=\"elementor-field-subgroup  elementor-subgroup-inline\"><span class=\"elementor-field-option\"><input type=\"checkbox\" value=\"Agenciamiento aduanero\" id=\"form-field-servicio-0\" name=\"form_fields[servicio][]\"> <label for=\"form-field-servicio-0\">Agenciamiento aduanero<\/label><\/span><span class=\"elementor-field-option\"><input type=\"checkbox\" value=\"Transporte de carga\" id=\"form-field-servicio-1\" name=\"form_fields[servicio][]\"> <label for=\"form-field-servicio-1\">Transporte de carga<\/label><\/span><span class=\"elementor-field-option\"><input type=\"checkbox\" value=\"Servicios adicionales\" id=\"form-field-servicio-2\" name=\"form_fields[servicio][]\"> <label for=\"form-field-servicio-2\">Servicios adicionales<\/label><\/span><\/div>\t\t\t\t<\/div>\n\t\t\t\t\t\t\t\t<div class=\"elementor-field-type-select elementor-field-group elementor-column elementor-field-group-sector elementor-col-100 elementor-md-100 elementor-field-required\">\n\t\t\t\t\t\t\t\t\t\t\t\t<label for=\"form-field-sector\" class=\"elementor-field-label\">\n\t\t\t\t\t\t\t\tIndustria \/ Sector\t\t\t\t\t\t\t<\/label>\n\t\t\t\t\t\t\t\t<div class=\"elementor-field elementor-select-wrapper remove-before \">\n\t\t\t<div class=\"select-caret-down-wrapper\">\n\t\t\t\t<svg aria-hidden=\"true\" class=\"e-font-icon-svg e-eicon-caret-down\" viewBox=\"0 0 571.4 571.4\" xmlns=\"http:\/\/www.w3.org\/2000\/svg\"><path d=\"M571 393Q571 407 561 418L311 668Q300 679 286 679T261 668L11 418Q0 407 0 393T11 368 36 357H536Q550 357 561 368T571 393Z\"><\/path><\/svg>\t\t\t<\/div>\n\t\t\t<select name=\"form_fields[sector]\" id=\"form-field-sector\" class=\"elementor-field-textual elementor-size-xs\" required=\"required\">\n\t\t\t\t\t\t\t\t\t<option value=\"\"><\/option>\n\t\t\t\t\t\t\t\t\t<option value=\"Miner\u00eda y energ\u00eda\">Miner\u00eda y energ\u00eda<\/option>\n\t\t\t\t\t\t\t\t\t<option value=\"Agroexportaci\u00f3n\">Agroexportaci\u00f3n<\/option>\n\t\t\t\t\t\t\t\t\t<option value=\"Retail y consumo masivo\">Retail y consumo masivo<\/option>\n\t\t\t\t\t\t\t\t\t<option value=\"Construcci\u00f3n e infraestructura\">Construcci\u00f3n e infraestructura<\/option>\n\t\t\t\t\t\t\t\t\t<option value=\"Industria manufacturera\">Industria manufacturera<\/option>\n\t\t\t\t\t\t\t\t\t<option value=\"Farmac\u00e9utico y salud\">Farmac\u00e9utico y salud<\/option>\n\t\t\t\t\t\t\t\t\t<option value=\"Tecnolog\u00eda y electr\u00f3nica\">Tecnolog\u00eda y electr\u00f3nica<\/option>\n\t\t\t\t\t\t\t\t\t<option value=\"Automotriz\">Automotriz<\/option>\n\t\t\t\t\t\t\t\t\t<option value=\"Textil y moda\">Textil y moda<\/option>\n\t\t\t\t\t\t\t\t\t<option value=\"Alimentos y bebidas\">Alimentos y bebidas<\/option>\n\t\t\t\t\t\t\t\t\t<option value=\"Log\u00edstica y transporte\">Log\u00edstica y transporte<\/option>\n\t\t\t\t\t\t\t\t\t<option value=\"Otros sectores\">Otros sectores<\/option>\n\t\t\t\t\t\t\t<\/select>\n\t\t<\/div>\n\t\t\t\t\t\t<\/div>\n\t\t\t\t\t\t\t\t<div class=\"elementor-field-type-textarea elementor-field-group elementor-column elementor-field-group-mensaje elementor-col-100 elementor-field-required\">\n\t\t\t\t\t\t\t\t\t\t\t\t<label for=\"form-field-mensaje\" class=\"elementor-field-label\">\n\t\t\t\t\t\t\t\tDetalles de solicitud\t\t\t\t\t\t\t<\/label>\n\t\t\t\t\t\t<textarea class=\"elementor-field-textual elementor-field  elementor-size-xs\" name=\"form_fields[mensaje]\" id=\"form-field-mensaje\" rows=\"4\" placeholder=\"Hola...\" required=\"required\"><\/textarea>\t\t\t\t<\/div>\n\t\t\t\t\t\t\t\t<div class=\"elementor-field-type-recaptcha_v3 elementor-field-group elementor-column elementor-field-group-field_e4cdbf1 elementor-col-100 recaptcha_v3-bottomright\">\n\t\t\t\t\t<div class=\"elementor-field\" id=\"form-field-field_e4cdbf1\"><div class=\"elementor-g-recaptcha\" data-sitekey=\"6LdqWlgsAAAAABL9toLfqGCtaunC3cmJ-mi9HzMN\" data-type=\"v3\" data-action=\"Form\" data-badge=\"bottomright\" data-size=\"invisible\"><\/div><\/div>\t\t\t\t<\/div>\n\t\t\t\t\t\t\t\t<div class=\"elementor-field-group elementor-column elementor-field-type-submit elementor-col-33 e-form__buttons elementor-md-50\">\n\t\t\t\t\t<button class=\"elementor-button elementor-size-sm\" type=\"submit\">\n\t\t\t\t\t\t<span class=\"elementor-button-content-wrapper\">\n\t\t\t\t\t\t\t\t\t\t\t\t\t\t\t\t\t\t\t\t\t\t<span class=\"elementor-button-text\">Enviar solicitud<\/span>\n\t\t\t\t\t\t\t\t\t\t\t\t\t<\/span>\n\t\t\t\t\t<\/button>\n\t\t\t\t<\/div>\n\t\t\t<\/div>\n\t\t<\/form>\n\t\t\t\t\t\t<\/div>\n\t\t\t\t<\/div>\n\t\t<div class=\"elementor-element elementor-element-74208e5 e-con-full e-flex e-con e-child\" data-id=\"74208e5\" data-element_type=\"container\" data-e-type=\"container\">\n\t\t<div class=\"elementor-element elementor-element-c74cc06 e-con-full e-flex e-con e-child\" data-id=\"c74cc06\" data-element_type=\"container\" data-e-type=\"container\">\n\t\t\t\t<div class=\"elementor-element elementor-element-08e69d7 elementor-widget elementor-widget-heading\" data-id=\"08e69d7\" data-element_type=\"widget\" data-e-type=\"widget\" data-widget_type=\"heading.default\">\n\t\t\t\t\t<h3 class=\"elementor-heading-title elementor-size-default\">Estamos listos para atenderte<\/h3>\t\t\t\t<\/div>\n\t\t\t\t<div class=\"elementor-element elementor-element-ce312a0 elementor-widget elementor-widget-text-editor\" data-id=\"ce312a0\" data-element_type=\"widget\" data-e-type=\"widget\" data-widget_type=\"text-editor.default\">\n\t\t\t\t\t\t\t\t\t<p data-start=\"580\" data-end=\"698\"><span style=\"font-weight: 400;\">Comun\u00edcate con nosotros por correo o tel\u00e9fono y obt\u00e9n asesor\u00eda profesional en aduanas.<\/span><\/p>\t\t\t\t\t\t\t\t<\/div>\n\t\t\t\t<\/div>\n\t\t<div class=\"elementor-element elementor-element-ba6de4a e-con-full e-flex e-con e-child\" data-id=\"ba6de4a\" data-element_type=\"container\" data-e-type=\"container\">\n\t\t<div class=\"elementor-element elementor-element-ebd51fb e-con-full e-flex e-con e-child\" data-id=\"ebd51fb\" data-element_type=\"container\" data-e-type=\"container\">\n\t\t\t\t<div class=\"elementor-element elementor-element-76ad5d3 elementor-widget__width-initial elementor-widget elementor-widget-image\" data-id=\"76ad5d3\" data-element_type=\"widget\" data-e-type=\"widget\" data-widget_type=\"image.default\">\n\t\t\t\t\t\t\t\t\t\t\t\t\t\t\t<img fetchpriority=\"high\" decoding=\"async\" width=\"347\" height=\"348\" src=\"https:\/\/antaresaduanas.com\/wp-content\/uploads\/2025\/12\/telf.png\" class=\"attachment-large size-large wp-image-1941\" alt=\"\" srcset=\"https:\/\/antaresaduanas.com\/wp-content\/uploads\/2025\/12\/telf.png 347w, https:\/\/antaresaduanas.com\/wp-content\/uploads\/2025\/12\/telf-300x300.png 300w, https:\/\/antaresaduanas.com\/wp-content\/uploads\/2025\/12\/telf-150x150.png 150w, https:\/\/antaresaduanas.com\/wp-content\/uploads\/2025\/12\/telf-12x12.png 12w\" sizes=\"(max-width: 347px) 100vw, 347px\" \/>\t\t\t\t\t\t\t\t\t\t\t\t\t\t\t<\/div>\n\t\t\t\t<div class=\"elementor-element elementor-element-636122e elementor-widget elementor-widget-text-editor\" data-id=\"636122e\" data-element_type=\"widget\" data-e-type=\"widget\" data-widget_type=\"text-editor.default\">\n\t\t\t\t\t\t\t\t\t<p>+511 616 3900 |<br \/>+51 908 851 293 |<br \/>+51 981 546 676<\/p>\t\t\t\t\t\t\t\t<\/div>\n\t\t\t\t<\/div>\n\t\t<div class=\"elementor-element elementor-element-90456ff e-con-full e-flex e-con e-child\" data-id=\"90456ff\" data-element_type=\"container\" data-e-type=\"container\">\n\t\t\t\t<div class=\"elementor-element elementor-element-fcf686b elementor-widget__width-initial elementor-widget elementor-widget-image\" data-id=\"fcf686b\" data-element_type=\"widget\" data-e-type=\"widget\" data-widget_type=\"image.default\">\n\t\t\t\t\t\t\t\t\t\t\t\t\t\t\t<img decoding=\"async\" width=\"347\" height=\"347\" src=\"https:\/\/antaresaduanas.com\/wp-content\/uploads\/2025\/12\/correo.png\" class=\"attachment-large size-large wp-image-1938\" alt=\"\" srcset=\"https:\/\/antaresaduanas.com\/wp-content\/uploads\/2025\/12\/correo.png 347w, https:\/\/antaresaduanas.com\/wp-content\/uploads\/2025\/12\/correo-300x300.png 300w, https:\/\/antaresaduanas.com\/wp-content\/uploads\/2025\/12\/correo-150x150.png 150w, https:\/\/antaresaduanas.com\/wp-content\/uploads\/2025\/12\/correo-12x12.png 12w\" sizes=\"(max-width: 347px) 100vw, 347px\" \/>\t\t\t\t\t\t\t\t\t\t\t\t\t\t\t<\/div>\n\t\t\t\t<div class=\"elementor-element elementor-element-330da4b elementor-widget elementor-widget-text-editor\" data-id=\"330da4b\" data-element_type=\"widget\" data-e-type=\"widget\" data-widget_type=\"text-editor.default\">\n\t\t\t\t\t\t\t\t\t<p>comercial@antaresaduanas.com.pe<\/p>\t\t\t\t\t\t\t\t<\/div>\n\t\t\t\t<\/div>\n\t\t<div class=\"elementor-element elementor-element-d8c333b e-con-full e-flex e-con e-child\" data-id=\"d8c333b\" data-element_type=\"container\" data-e-type=\"container\">\n\t\t\t\t<div class=\"elementor-element elementor-element-e24e27e elementor-widget__width-initial elementor-widget elementor-widget-image\" data-id=\"e24e27e\" data-element_type=\"widget\" data-e-type=\"widget\" data-widget_type=\"image.default\">\n\t\t\t\t\t\t\t\t\t\t\t\t\t\t\t<img decoding=\"async\" width=\"347\" height=\"347\" src=\"https:\/\/antaresaduanas.com\/wp-content\/uploads\/2025\/12\/ubicacion.png\" class=\"attachment-large size-large wp-image-1939\" alt=\"\" srcset=\"https:\/\/antaresaduanas.com\/wp-content\/uploads\/2025\/12\/ubicacion.png 347w, https:\/\/antaresaduanas.com\/wp-content\/uploads\/2025\/12\/ubicacion-300x300.png 300w, https:\/\/antaresaduanas.com\/wp-content\/uploads\/2025\/12\/ubicacion-150x150.png 150w, https:\/\/antaresaduanas.com\/wp-content\/uploads\/2025\/12\/ubicacion-12x12.png 12w\" sizes=\"(max-width: 347px) 100vw, 347px\" \/>\t\t\t\t\t\t\t\t\t\t\t\t\t\t\t<\/div>\n\t\t\t\t<div class=\"elementor-element elementor-element-28b37a2 elementor-widget elementor-widget-text-editor\" data-id=\"28b37a2\" data-element_type=\"widget\" data-e-type=\"widget\" data-widget_type=\"text-editor.default\">\n\t\t\t\t\t\t\t\t\t<p>Av Rep\u00fablica de Colombia 717, Piso 8, San Isidro &#8211; Lima\u00a0<\/p>\t\t\t\t\t\t\t\t<\/div>\n\t\t\t\t<\/div>\n\t\t\t\t<\/div>\n\t\t<div class=\"elementor-element elementor-element-5857613 e-con-full e-flex e-con e-child\" data-id=\"5857613\" data-element_type=\"container\" data-e-type=\"container\">\n\t\t\t\t<div class=\"elementor-element elementor-element-fe991db elementor-widget elementor-widget-text-editor\" data-id=\"fe991db\" data-element_type=\"widget\" data-e-type=\"widget\" data-widget_type=\"text-editor.default\">\n\t\t\t\t\t\t\t\t\t<p>S\u00edguenos en:<\/p>\t\t\t\t\t\t\t\t<\/div>\n\t\t\t\t<div class=\"elementor-element elementor-element-d504a0e sociales-footer e-grid-align-left elementor-shape-rounded elementor-grid-0 elementor-widget elementor-widget-social-icons\" data-id=\"d504a0e\" data-element_type=\"widget\" data-e-type=\"widget\" data-widget_type=\"social-icons.default\">\n\t\t\t\t\t\t\t<div class=\"elementor-social-icons-wrapper elementor-grid\">\n\t\t\t\t\t\t\t<span class=\"elementor-grid-item\">\n\t\t\t\t\t<a class=\"elementor-icon elementor-social-icon elementor-social-icon-linkedin-in elementor-repeater-item-78b247a\" href=\"https:\/\/www.linkedin.com\/company\/antares-aduanas\/\" target=\"_blank\" rel=\"noopener\">\n\t\t\t\t\t\t<span class=\"elementor-screen-only\">Linkedin-in<\/span>\n\t\t\t\t\t\t<svg aria-hidden=\"true\" class=\"e-font-icon-svg e-fab-linkedin-in\" viewBox=\"0 0 448 512\" xmlns=\"http:\/\/www.w3.org\/2000\/svg\"><path d=\"M100.28 448H7.4V148.9h92.88zM53.79 108.1C24.09 108.1 0 83.5 0 53.8a53.79 53.79 0 0 1 107.58 0c0 29.7-24.1 54.3-53.79 54.3zM447.9 448h-92.68V302.4c0-34.7-.7-79.2-48.29-79.2-48.29 0-55.69 37.7-55.69 76.7V448h-92.78V148.9h89.08v40.8h1.3c12.4-23.5 42.69-48.3 87.88-48.3 94 0 111.28 61.9 111.28 142.3V448z\"><\/path><\/svg>\t\t\t\t\t<\/a>\n\t\t\t\t<\/span>\n\t\t\t\t\t<\/div>\n\t\t\t\t\t\t<\/div>\n\t\t\t\t<\/div>\n\t\t\t\t<\/div>\n\t\t\t\t\t<\/div>\n\t\t\t\t<\/div>\n\t\t<div class=\"elementor-element elementor-element-6daf231 e-con-full e-flex e-con e-parent\" data-id=\"6daf231\" data-element_type=\"container\" data-e-type=\"container\">\n\t\t\t\t<div class=\"elementor-element elementor-element-1c8ca07 elementor-widget elementor-widget-html\" data-id=\"1c8ca07\" data-element_type=\"widget\" data-e-type=\"widget\" data-widget_type=\"html.default\">\n\t\t\t\t\t<iframe src=\"https:\/\/www.google.com\/maps\/embed?pb=!1m18!1m12!1m3!1d15604.826441324996!2d-77.04538381361373!3d-12.098003590983103!2m3!1f0!2f0!3f0!3m2!1i1024!2i768!4f13.1!3m3!1m2!1s0x9105c91c850edd45%3A0x110e49957018f8b4!2sAntares%20Aduanas!5e0!3m2!1ses-419!2spe!4v1762799334721!5m2!1ses-419!2spe\" width=\"600\" height=\"450\" style=\"border:0;\" allowfullscreen=\"\" loading=\"lazy\" referrerpolicy=\"no-referrer-when-downgrade\"><\/iframe>\t\t\t\t<\/div>\n\t\t\t\t<\/div>\n\t\t<div class=\"elementor-element elementor-element-a21918e grupo--compacto e-flex e-con-boxed e-con e-parent\" data-id=\"a21918e\" data-element_type=\"container\" data-e-type=\"container\" data-settings=\"{&quot;background_background&quot;:&quot;classic&quot;}\">\n\t\t\t\t\t<div class=\"e-con-inner\">\n\t\t<div class=\"elementor-element elementor-element-81850be e-con-full e-flex e-con e-child\" data-id=\"81850be\" data-element_type=\"container\" data-e-type=\"container\">\n\t\t\t\t<div class=\"elementor-element elementor-element-96f5b76 elementor-widget elementor-widget-heading\" data-id=\"96f5b76\" data-element_type=\"widget\" data-e-type=\"widget\" data-widget_type=\"heading.default\">\n\t\t\t\t\t<h2 class=\"elementor-heading-title elementor-size-default\">Consulta con nuestros expertos al instante<\/h2>\t\t\t\t<\/div>\n\t\t\t\t<\/div>\n\t\t<div class=\"elementor-element elementor-element-c93f47b e-con-full e-flex e-con e-child\" data-id=\"c93f47b\" data-element_type=\"container\" data-e-type=\"container\">\n\t\t\t\t<div class=\"elementor-element elementor-element-1aca328 elementor-widget elementor-widget-text-editor\" data-id=\"1aca328\" data-element_type=\"widget\" data-e-type=\"widget\" data-widget_type=\"text-editor.default\">\n\t\t\t\t\t\t\t\t\t<p>Habla con un especialista y obt\u00e9n una asesor\u00eda inmediata de tus operaciones aduaneras<\/p>\t\t\t\t\t\t\t\t<\/div>\n\t\t\t\t<div class=\"elementor-element elementor-element-5b6d751 btn-variante elementor-widget elementor-widget-button\" data-id=\"5b6d751\" data-element_type=\"widget\" data-e-type=\"widget\" data-widget_type=\"button.default\">\n\t\t\t\t\t\t\t\t\t\t<a class=\"elementor-button elementor-button-link elementor-size-sm\" href=\"#formulario\">\n\t\t\t\t\t\t<span class=\"elementor-button-content-wrapper\">\n\t\t\t\t\t\t\t\t\t<span class=\"elementor-button-text\">Contacta con un asesor<\/span>\n\t\t\t\t\t<\/span>\n\t\t\t\t\t<\/a>\n\t\t\t\t\t\t\t\t<\/div>\n\t\t\t\t<\/div>\n\t\t\t\t\t<\/div>\n\t\t\t\t<\/div>\n\t\t\t\t<\/div>\n\t\t","protected":false},"excerpt":{"rendered":"<p>Contacta con un asesor especializado Brindamos atenci\u00f3n personalizada para agilizar tus procesos y ofrecer soluciones aduaneras confiables. Optimiza tu gesti\u00f3n log\u00edstica con el acompa\u00f1amiento de expertos Ingresa tus datos y detalles de operaci\u00f3n para recibir atenci\u00f3n inmediata de nuestros especialistas. Estamos listos para atenderte Comun\u00edcate con nosotros por correo o tel\u00e9fono y obt\u00e9n asesor\u00eda profesional [&hellip;]<\/p>\n","protected":false},"author":1,"featured_media":0,"parent":0,"menu_order":0,"comment_status":"closed","ping_status":"closed","template":"","meta":{"footnotes":""},"class_list":["post-163","page","type-page","status-publish","hentry"],"blocksy_meta":[],"_links":{"self":[{"href":"https:\/\/mail.antaresaduanas.pe\/en\/wp-json\/wp\/v2\/pages\/163","targetHints":{"allow":["GET"]}}],"collection":[{"href":"https:\/\/mail.antaresaduanas.pe\/en\/wp-json\/wp\/v2\/pages"}],"about":[{"href":"https:\/\/mail.antaresaduanas.pe\/en\/wp-json\/wp\/v2\/types\/page"}],"author":[{"embeddable":true,"href":"https:\/\/mail.antaresaduanas.pe\/en\/wp-json\/wp\/v2\/users\/1"}],"replies":[{"embeddable":true,"href":"https:\/\/mail.antaresaduanas.pe\/en\/wp-json\/wp\/v2\/comments?post=163"}],"version-history":[{"count":19,"href":"https:\/\/mail.antaresaduanas.pe\/en\/wp-json\/wp\/v2\/pages\/163\/revisions"}],"predecessor-version":[{"id":2559,"href":"https:\/\/mail.antaresaduanas.pe\/en\/wp-json\/wp\/v2\/pages\/163\/revisions\/2559"}],"wp:attachment":[{"href":"https:\/\/mail.antaresaduanas.pe\/en\/wp-json\/wp\/v2\/media?parent=163"}],"curies":[{"name":"wp","href":"https:\/\/api.w.org\/{rel}","templated":true}]}}