{"id":985,"date":"2025-10-23T11:13:37","date_gmt":"2025-10-23T16:13:37","guid":{"rendered":"https:\/\/antaresaduanas.com\/?page_id=985"},"modified":"2026-03-18T15:16:11","modified_gmt":"2026-03-18T20:16:11","slug":"trabaja-con-nosotros","status":"publish","type":"page","link":"https:\/\/mail.antaresaduanas.pe\/en\/trabaja-con-nosotros\/","title":{"rendered":"Trabaja con nosotros"},"content":{"rendered":"<div data-elementor-type=\"wp-page\" data-elementor-id=\"985\" class=\"elementor elementor-985\" data-elementor-post-type=\"page\">\n\t\t\t\t<div class=\"elementor-element elementor-element-3b7a1d5 grupo e-flex e-con-boxed e-con e-parent\" data-id=\"3b7a1d5\" data-element_type=\"container\" data-e-type=\"container\" data-settings=\"{&quot;background_background&quot;:&quot;classic&quot;}\">\n\t\t\t\t\t<div class=\"e-con-inner\">\n\t\t<div class=\"elementor-element elementor-element-65574e4 e-con-full e-flex e-con e-child\" data-id=\"65574e4\" data-element_type=\"container\" data-e-type=\"container\">\n\t\t\t\t<div class=\"elementor-element elementor-element-def5c70 elementor-invisible elementor-widget elementor-widget-heading\" data-id=\"def5c70\" data-element_type=\"widget\" data-e-type=\"widget\" data-settings=\"{&quot;_animation&quot;:&quot;slideInLeft&quot;,&quot;_animation_tablet&quot;:&quot;none&quot;}\" data-widget_type=\"heading.default\">\n\t\t\t\t\t<h1 class=\"elementor-heading-title elementor-size-default\">Impulsamos el talento log\u00edstico en la regi\u00f3n<\/h1>\t\t\t\t<\/div>\n\t\t\t\t<\/div>\n\t\t<div class=\"elementor-element elementor-element-1750135 e-con-full e-flex e-con e-child\" data-id=\"1750135\" data-element_type=\"container\" data-e-type=\"container\">\n\t\t\t\t<div class=\"elementor-element elementor-element-279b6dd elementor-invisible elementor-widget elementor-widget-text-editor\" data-id=\"279b6dd\" data-element_type=\"widget\" data-e-type=\"widget\" data-settings=\"{&quot;_animation&quot;:&quot;slideInRight&quot;,&quot;_animation_tablet&quot;:&quot;none&quot;}\" data-widget_type=\"text-editor.default\">\n\t\t\t\t\t\t\t\t\t<p>Forma parte de un grupo l\u00edder en soluciones log\u00edsticas en Latam. Desarrolla tu talento en un entorno din\u00e1mico y humano.<\/p>\t\t\t\t\t\t\t\t<\/div>\n\t\t\t\t<\/div>\n\t\t\t\t\t<\/div>\n\t\t\t\t<\/div>\n\t\t<div class=\"elementor-element elementor-element-ce6c603 grupo e-flex e-con-boxed e-con e-parent\" data-id=\"ce6c603\" data-element_type=\"container\" data-e-type=\"container\" data-settings=\"{&quot;background_background&quot;:&quot;classic&quot;}\">\n\t\t\t\t\t<div class=\"e-con-inner\">\n\t\t<div class=\"elementor-element elementor-element-2c52162 e-con-full trabaja elementor-hidden-mobile e-flex e-con e-child\" data-id=\"2c52162\" data-element_type=\"container\" data-e-type=\"container\" data-settings=\"{&quot;background_background&quot;:&quot;classic&quot;,&quot;position&quot;:&quot;absolute&quot;}\">\n\t\t\t\t<\/div>\n\t\t<div class=\"elementor-element elementor-element-f217ca2 e-con-full elementor-hidden-mobile e-flex e-con e-child\" data-id=\"f217ca2\" data-element_type=\"container\" data-e-type=\"container\">\n\t\t\t\t<\/div>\n\t\t<div class=\"elementor-element elementor-element-6724037 e-con-full e-flex e-con e-child\" data-id=\"6724037\" data-element_type=\"container\" data-e-type=\"container\">\n\t\t\t\t<div class=\"elementor-element elementor-element-b8fe0a5 elementor-widget elementor-widget-heading\" data-id=\"b8fe0a5\" data-element_type=\"widget\" data-e-type=\"widget\" data-widget_type=\"heading.default\">\n\t\t\t\t\t<h2 class=\"elementor-heading-title elementor-size-default\">\u00danete a nuestro equipo y crece con nosotros\n<\/h2>\t\t\t\t<\/div>\n\t\t\t\t<div class=\"elementor-element elementor-element-b01c24d elementor-widget elementor-widget-text-editor\" data-id=\"b01c24d\" data-element_type=\"widget\" data-e-type=\"widget\" data-widget_type=\"text-editor.default\">\n\t\t\t\t\t\t\t\t\t<p><span style=\"font-weight: 400;\">Potenciamos tu desarrollo profesional con programas de capacitaci\u00f3n, liderazgo y crecimiento constante. S\u00e9 parte de un grupo que combina experiencia, innovaci\u00f3n y prop\u00f3sito en cada acci\u00f3n.<\/span><\/p>\t\t\t\t\t\t\t\t<\/div>\n\t\t\t\t<\/div>\n\t\t\t\t\t<\/div>\n\t\t\t\t<\/div>\n\t\t<div class=\"elementor-element elementor-element-85a1e38 grupo--compacto e-flex e-con-boxed e-con e-parent\" data-id=\"85a1e38\" data-element_type=\"container\" data-e-type=\"container\" data-settings=\"{&quot;background_background&quot;:&quot;classic&quot;}\">\n\t\t\t\t\t<div class=\"e-con-inner\">\n\t\t<div class=\"elementor-element elementor-element-d717d6c e-con-full e-flex e-con e-child\" data-id=\"d717d6c\" data-element_type=\"container\" data-e-type=\"container\">\n\t\t\t\t<div class=\"elementor-element elementor-element-b7ff69c elementor-widget elementor-widget-heading\" data-id=\"b7ff69c\" data-element_type=\"widget\" data-e-type=\"widget\" data-widget_type=\"heading.default\">\n\t\t\t\t\t<h2 class=\"elementor-heading-title elementor-size-default\">Conoce nuestras vacantes disponibles<\/h2>\t\t\t\t<\/div>\n\t\t\t\t<\/div>\n\t\t<div class=\"elementor-element elementor-element-f3e77f2 e-con-full e-flex e-con e-child\" data-id=\"f3e77f2\" data-element_type=\"container\" data-e-type=\"container\">\n\t\t\t\t<div class=\"elementor-element elementor-element-9c6069b elementor-widget elementor-widget-text-editor\" data-id=\"9c6069b\" data-element_type=\"widget\" data-e-type=\"widget\" data-widget_type=\"text-editor.default\">\n\t\t\t\t\t\t\t\t\t<p>Accede a nuestra plataformas de empleos y descubre las oportunidades que tenemos para ti.<\/p>\t\t\t\t\t\t\t\t<\/div>\n\t\t\t\t<div class=\"elementor-element elementor-element-8efa5dc btn-variante elementor-widget elementor-widget-button\" data-id=\"8efa5dc\" data-element_type=\"widget\" data-e-type=\"widget\" data-widget_type=\"button.default\">\n\t\t\t\t\t\t\t\t\t\t<a class=\"elementor-button elementor-button-link elementor-size-sm\" href=\"https:\/\/grupotransmeridian.buk.pe\/trabaja-con-nosotros\" target=\"_blank\" rel=\"noopener\">\n\t\t\t\t\t\t<span class=\"elementor-button-content-wrapper\">\n\t\t\t\t\t\t\t\t\t<span class=\"elementor-button-text\">Explorar vacantes<\/span>\n\t\t\t\t\t<\/span>\n\t\t\t\t\t<\/a>\n\t\t\t\t\t\t\t\t<\/div>\n\t\t\t\t<\/div>\n\t\t\t\t\t<\/div>\n\t\t\t\t<\/div>\n\t\t\t\t<\/div>","protected":false},"excerpt":{"rendered":"<p>Impulsamos el talento log\u00edstico en la regi\u00f3n Forma parte de un grupo l\u00edder en soluciones log\u00edsticas en Latam. Desarrolla tu talento en un entorno din\u00e1mico y humano. \u00danete a nuestro equipo y crece con nosotros Potenciamos tu desarrollo profesional con programas de capacitaci\u00f3n, liderazgo y crecimiento constante. S\u00e9 parte de un grupo que combina experiencia, [&hellip;]<\/p>\n","protected":false},"author":1,"featured_media":0,"parent":0,"menu_order":0,"comment_status":"closed","ping_status":"closed","template":"","meta":{"footnotes":""},"class_list":["post-985","page","type-page","status-publish","hentry"],"blocksy_meta":[],"_links":{"self":[{"href":"https:\/\/mail.antaresaduanas.pe\/en\/wp-json\/wp\/v2\/pages\/985","targetHints":{"allow":["GET"]}}],"collection":[{"href":"https:\/\/mail.antaresaduanas.pe\/en\/wp-json\/wp\/v2\/pages"}],"about":[{"href":"https:\/\/mail.antaresaduanas.pe\/en\/wp-json\/wp\/v2\/types\/page"}],"author":[{"embeddable":true,"href":"https:\/\/mail.antaresaduanas.pe\/en\/wp-json\/wp\/v2\/users\/1"}],"replies":[{"embeddable":true,"href":"https:\/\/mail.antaresaduanas.pe\/en\/wp-json\/wp\/v2\/comments?post=985"}],"version-history":[{"count":9,"href":"https:\/\/mail.antaresaduanas.pe\/en\/wp-json\/wp\/v2\/pages\/985\/revisions"}],"predecessor-version":[{"id":2742,"href":"https:\/\/mail.antaresaduanas.pe\/en\/wp-json\/wp\/v2\/pages\/985\/revisions\/2742"}],"wp:attachment":[{"href":"https:\/\/mail.antaresaduanas.pe\/en\/wp-json\/wp\/v2\/media?parent=985"}],"curies":[{"name":"wp","href":"https:\/\/api.w.org\/{rel}","templated":true}]}}